{"id":29,"date":"2023-10-09T13:37:06","date_gmt":"2023-10-09T13:37:06","guid":{"rendered":"https:\/\/asknestor.hungrynuggets.com\/?page_id=29"},"modified":"2023-11-02T08:47:08","modified_gmt":"2023-11-02T08:47:08","slug":"condiciones-generales","status":"publish","type":"page","link":"https:\/\/asknestor.com\/es\/terms-and-conditions\/","title":{"rendered":"T\u00e9rminos y condiciones"},"content":{"rendered":"<h2 class=\"wp-block-heading\">1. OBJETO<\/h2>\n\n\n\n<p>Las presentes Condiciones Generales regulan la relaci\u00f3n entre la Empresa y los Usuarios que deseen utilizar los servicios ofrecidos por la Plataforma, as\u00ed como, en su caso, los Servicios Asociados. Datos de contacto de la Empresa:<\/p>\n\n\n\n<p>SAVVIVA Lifestyle Management s.p.r.l Avenue Louise 523, 1050 Bruselas IVA BE 0821.822.305 Correo electr\u00f3nico: <a href=\"mailto:info@asknestor.com\">info@asknestor.com\n+32 2 886 00 63<\/a><\/p>\n\n\n\n<h2 class=\"wp-block-heading\">2. ACEPTACI\u00d3N<\/h2>\n\n\n\n<p>Al acceder y utilizar la Plataforma, todo Usuario declara haber le\u00eddo y aceptado expresamente las presentes Condiciones Generales sin reservas y\/o modificaciones de ning\u00fan tipo, tal y como se acredita marcando la casilla \"Reconozco que he le\u00eddo y acepto las Condiciones Generales\" durante el registro.<\/p>\n\n\n\n<p>Las presentes Condiciones Generales son vinculantes para los Usuarios desde el momento de su aceptaci\u00f3n.<\/p>\n\n\n\n<h2 class=\"wp-block-heading\">3. ACCESO A LA PLATAFORMA<\/h2>\n\n\n\n<p>La Plataforma est\u00e1 reservada exclusivamente a los Usuarios que dispongan de una cuenta activa. El acceso a la Plataforma se realiza mediante el uso de Internet y un ordenador o tel\u00e9fono m\u00f3vil.<\/p>\n\n\n\n<p>El Usuario declara:<\/p>\n\n\n\n<ul class=\"wp-block-list\">\n<li>Disponer de la competencia y los medios necesarios para acceder y utilizar la Plataforma.<\/li>\n\n\n\n<li>Ser el \u00fanico responsable de la informaci\u00f3n facilitada al crear su Cuenta de Ocupante y\/o Cuenta de Gestor.<\/li>\n\n\n\n<li>Haber comprobado que su configuraci\u00f3n inform\u00e1tica no contiene virus y est\u00e1 en perfecto estado de funcionamiento.<\/li>\n<\/ul>\n\n\n\n<p>Ni la Empresa ni ninguno de sus subcontratistas podr\u00e1n ser considerados responsables de los elementos que escapen a su control y de los da\u00f1os que pueda sufrir el entorno t\u00e9cnico del Usuario, incluidos ordenadores, software, equipos de red y cualquier otro equipo utilizado para acceder o utilizar la Plataforma y\/o la informaci\u00f3n contenida en la misma.<\/p>\n\n\n\n<p>Al crear una Cuenta de Ocupante y\/o una Cuenta de Gestor, cada Usuario reconoce y acepta que la Empresa puede suprimir una cuenta en cualquier momento y sin indemnizaci\u00f3n alguna si infringe la legislaci\u00f3n francesa y\/o las normas de difusi\u00f3n establecidas por la Empresa, tal y como se indica en las Condiciones Generales.<\/p>\n\n\n\n<h2 class=\"wp-block-heading\">4. C\u00d3DIGO Y SEGURIDAD<\/h2>\n\n\n\n<p>El Usuario se compromete a notificar inmediatamente al servicio de asistencia en caso de p\u00e9rdida o robo de su contrase\u00f1a enviando un correo electr\u00f3nico a <a href=\"mailto:info@asknestor.com\">info@asknestor.com\n+32 2 886 00 63<\/a>.<\/p>\n\n\n\n<p>En ausencia de notificaci\u00f3n, y salvo prueba en contrario, cualquier conexi\u00f3n o transmisi\u00f3n de \u00f3rdenes o datos realizada utilizando la contrase\u00f1a se considerar\u00e1 que procede del Usuario y ser\u00e1 de su exclusiva responsabilidad. El Usuario puede solicitar la cancelaci\u00f3n de su Cuenta en cualquier momento enviando un correo electr\u00f3nico a <a href=\"mailto:info@asknestor.com\">info@asknestor.com\n+32 2 886 00 63<\/a>.<\/p>\n\n\n\n<h2 class=\"wp-block-heading\">5. PROPIEDAD INTELECTUAL<\/h2>\n\n\n\n<h3 class=\"wp-block-heading\">5.1 PROPIEDAD INTELECTUAL<\/h3>\n\n\n\n<p>Todos los derechos de propiedad intelectual (incluidos, entre otros, los derechos de autor, derechos de vecindad, derechos de marca, derechos del productor de la base de datos) relativos tanto a la estructura como al contenido de la Plataforma, incluidas las im\u00e1genes, sonidos, v\u00eddeos, fotograf\u00edas, logotipos, marcas, elementos gr\u00e1ficos, elementos textuales, visuales, herramientas, software, documentos, datos, etc. (denominados colectivamente \"Elementos\") est\u00e1n protegidos por las leyes de propiedad intelectual y\/o industrial, as\u00ed como por otros derechos de propiedad, incluido el derecho sui generis del productor de la base de datos.<\/p>\n\n\n\n<p>Queda prohibido a cualquier Usuario copiar, modificar, crear trabajos derivados, realizar ingenier\u00eda inversa o intentar de cualquier modo encontrar el c\u00f3digo fuente, vender, ceder, sublicenciar o transferir cualquier derecho relacionado con los Elementos.<\/p>\n\n\n\n<p>Cada Usuario de la Plataforma se compromete a no:<\/p>\n\n\n\n<ul class=\"wp-block-list\">\n<li>Utilizar o consultar la Plataforma en nombre o beneficio de terceros.<\/li>\n\n\n\n<li>Extraer, con fines comerciales o no comerciales, la totalidad o parte de las Publicaciones de la Plataforma.<\/li>\n\n\n\n<li>Integrar todo o parte del contenido de la Plataforma en un sitio\/aplicaci\u00f3n de terceros, con fines comerciales o no comerciales.<\/li>\n\n\n\n<li>Reproducir, con fines comerciales o no comerciales, la totalidad o parte de las Publicaciones de la Plataforma para reconstruir total o parcialmente los archivos originales.<\/li>\n\n\n\n<li>Utilizar un robot, incluido un rastreador web (ara\u00f1a), una aplicaci\u00f3n de b\u00fasqueda web o de recuperaci\u00f3n de sitios, o cualquier otro medio para recuperar o indexar la totalidad o parte del contenido de la Plataforma, salvo previa autorizaci\u00f3n expresa de la Empresa.<\/li>\n<\/ul>\n\n\n\n<p>Cualquier reproducci\u00f3n, representaci\u00f3n, distribuci\u00f3n o redistribuci\u00f3n, total o parcial, del contenido de la Plataforma en cualquier soporte o por cualquier medio distinto de los previstos en las presentes Condiciones Generales puede constituir infracci\u00f3n, competencia desleal o parasitismo, o atentar contra los derechos de imagen de terceros y ser objeto de acciones civiles y penales por parte de los interesados o titulares de derechos.<\/p>\n\n\n\n<h3 class=\"wp-block-heading\">5.2 HIPERENLACES<\/h3>\n\n\n\n<p>La Plataforma puede contener hiperv\u00ednculos que redirijan a contenidos de terceros o a sitios web gestionados por terceros (incluidos los Socios). Ni la Empresa ni ninguno de sus subcontratistas son responsables de la calidad o exactitud de estos contenidos o de estos sitios web.<\/p>\n\n\n\n<p>No podr\u00e1 crearse ning\u00fan hiperenlace al Sitio sin el acuerdo previo y expreso de la Sociedad. Si un internauta o una persona jur\u00eddica desea crear un hiperenlace hacia el Sitio desde su sitio web, sea cual sea el soporte, deber\u00e1 ponerse previamente en contacto con la Sociedad enviando un correo electr\u00f3nico a la siguiente direcci\u00f3n: <a href=\"mailto:info@asknestor.com\">info@asknestor.com\n+32 2 886 00 63<\/a>. Cualquier silencio por parte de la empresa debe interpretarse como una negativa.<\/p>\n\n\n\n<h3 class=\"wp-block-heading\">5.3 PUBLICACIONES<\/h3>\n\n\n\n<p>El contenido de las Publicaciones es responsabilidad de los Usuarios que las han publicado en la Plataforma.<\/p>\n\n\n\n<p>El Usuario garantiza que posee todos los derechos (incluidos los derechos de propiedad intelectual) o que ha obtenido todas las autorizaciones necesarias para sus Publicaciones.<\/p>\n\n\n\n<p>El Usuario garantiza que las Publicaciones no infringen ninguna normativa vigente (incluidas las relacionadas con la publicidad, la competencia, la promoci\u00f3n de ventas, el uso de la lengua francesa, el uso de datos personales, la prohibici\u00f3n de la comercializaci\u00f3n de determinados bienes o servicios), ni ning\u00fan derecho de terceros (incluidos los derechos de propiedad intelectual y los derechos de la personalidad), y que no contienen mensajes difamatorios o perjudiciales para terceros. En particular, el Usuario se compromete a que sus Publicaciones no contengan:<\/p>\n\n\n\n<ul class=\"wp-block-list\">\n<li>Cualquier informaci\u00f3n inexacta, falsa, enga\u00f1osa o que induzca a error.<\/li>\n\n\n\n<li>Cualquier menci\u00f3n difamatoria, injuriosa, calumniosa o lesiva hacia los intereses y\/o imagen de la Empresa, sus subcontratistas o cualquier tercero.<\/li>\n\n\n\n<li>Cualquier contenido que infrinja los derechos de propiedad intelectual de terceros, sea obsceno, ped\u00f3filo, discriminatorio o incite a la violencia o al odio racial, religioso o \u00e9tnico.<\/li>\n<\/ul>\n\n\n\n<p>Cada Usuario reconoce y acepta que la Empresa y sus subcontratistas pueden suprimir o rechazar cualquier Publicaci\u00f3n que infrinja la normativa aplicable, las normas de difusi\u00f3n expuestas en las Condiciones Generales, y\/o que pueda vulnerar los derechos de terceros, en cualquier momento y sin indemnizaci\u00f3n alguna.<\/p>\n\n\n\n<p>El Usuario indemniza a la Empresa y a sus subcontratistas frente a cualquier reclamaci\u00f3n o acci\u00f3n relacionada con las Publicaciones que pudiera interponerse contra ellos por cualquier tercero, y soportar\u00e1 todos los da\u00f1os, gastos y costes a los que pudieran ser condenados o que pudieran preverse en su contra por un acuerdo transaccional firmado por ellos con dicho tercero, sin perjuicio de los da\u00f1os y perjuicios que pudieran reclamar sus subcontratistas y proveedores por los actos lesivos del Usuario.<\/p>\n\n\n\n<p>Al publicarlas en la Plataforma, el Usuario concede a la Empresa y a sus subcontratistas un derecho no exclusivo, transferible, sublicenciable, libre de regal\u00edas y de alcance mundial sobre (i) todo el contenido de las Publicaciones, incluidas fotograf\u00edas, textos, v\u00eddeos, ilustraciones, marcas comerciales, logotipos, t\u00edtulos, tal y como se publican en la Plataforma, y (ii) una licencia sobre todos los derechos de propiedad intelectual relativos a las Publicaciones, incluidos los derechos de autor sobre los elementos utilizados en sus Publicaciones, como fotograf\u00edas, texto, v\u00eddeos, dibujos, ilustraciones, elementos de audio, durante toda la duraci\u00f3n legal de sus derechos de propiedad intelectual y para todo el mundo. Los derechos as\u00ed concedidos incluyen el derecho a reproducir, representar, distribuir, adaptar, modificar, crear obras derivadas, traducir total o parcialmente las Publicaciones<\/p>","protected":false},"excerpt":{"rendered":"<p>1. OBJECT These General Terms and Conditions govern the relationship between the Company and Users who wish to use the services offered by the Platform, as well as, where applicable, Partner Services. Contact details of the Company: SAVVIVA Lifestyle Management s.p.r.l Avenue Louise 523, 1050 Brussels VAT BE 0821.822.305 Email: info@asknestor.com 2. ACCEPTANCE By accessing [&hellip;]<\/p>\n","protected":false},"author":1,"featured_media":0,"parent":0,"menu_order":0,"comment_status":"closed","ping_status":"closed","template":"","meta":{"footnotes":""},"class_list":["post-29","page","type-page","status-publish","hentry"],"_links":{"self":[{"href":"https:\/\/asknestor.com\/es\/wp-json\/wp\/v2\/pages\/29","targetHints":{"allow":["GET"]}}],"collection":[{"href":"https:\/\/asknestor.com\/es\/wp-json\/wp\/v2\/pages"}],"about":[{"href":"https:\/\/asknestor.com\/es\/wp-json\/wp\/v2\/types\/page"}],"author":[{"embeddable":true,"href":"https:\/\/asknestor.com\/es\/wp-json\/wp\/v2\/users\/1"}],"replies":[{"embeddable":true,"href":"https:\/\/asknestor.com\/es\/wp-json\/wp\/v2\/comments?post=29"}],"version-history":[{"count":2,"href":"https:\/\/asknestor.com\/es\/wp-json\/wp\/v2\/pages\/29\/revisions"}],"predecessor-version":[{"id":110,"href":"https:\/\/asknestor.com\/es\/wp-json\/wp\/v2\/pages\/29\/revisions\/110"}],"wp:attachment":[{"href":"https:\/\/asknestor.com\/es\/wp-json\/wp\/v2\/media?parent=29"}],"curies":[{"name":"wp","href":"https:\/\/api.w.org\/{rel}","templated":true}]}}