{"id":31,"date":"2023-10-09T13:37:11","date_gmt":"2023-10-09T13:37:11","guid":{"rendered":"https:\/\/asknestor.hungrynuggets.com\/?page_id=31"},"modified":"2023-11-20T11:24:55","modified_gmt":"2023-11-20T11:24:55","slug":"esg","status":"publish","type":"page","link":"https:\/\/asknestor.com\/es\/esg\/","title":{"rendered":"ESG"},"content":{"rendered":"<h3 class=\"wp-block-heading\">1. Nuestro compromiso con ESG<\/h3>\n\n\n\n<p>En Ask Nestor, nos dedicamos a tener un impacto significativo m\u00e1s all\u00e1 de los beneficios. Nuestra estrategia hacia los principios medioambientales, sociales y de gobernanza (ESG) refleja nuestro compromiso con las pr\u00e1cticas sostenibles y las operaciones empresariales responsables.<\/p>\n\n\n\n<h3 class=\"wp-block-heading\">2. Responsabilidad medioambiental<\/h3>\n\n\n\n<p>Somos conscientes de la importancia cr\u00edtica de preservar nuestro planeta. Nuestras iniciativas se centran en reducir nuestra huella de carbono, minimizar los residuos y adoptar pr\u00e1cticas ecol\u00f3gicas en todas nuestras operaciones. Aprovechando tecnolog\u00edas innovadoras y procesos sostenibles, pretendemos contribuir a un futuro m\u00e1s limpio y ecol\u00f3gico.<\/p>\n\n\n\n<h3 class=\"wp-block-heading\">3. Impacto social<\/h3>\n\n\n\n<p>Damos prioridad al bienestar de las comunidades y las partes interesadas. Mediante esfuerzos de colaboraci\u00f3n, apoyamos activamente las causas sociales, defendemos la diversidad y la inclusi\u00f3n, e invertimos en iniciativas que empoderan a las personas y las sociedades. Nuestro objetivo es fomentar un cambio positivo y crear un impacto social duradero all\u00ed donde operamos. Ask Nestor ha recibido el sello y la etiqueta de diversidad de la Regi\u00f3n de Bruselas-Capital.<\/p>\n\n\n\n<h3 class=\"wp-block-heading\">4. Excelencia en la gobernanza<\/h3>\n\n\n\n<p>La transparencia, la integridad y la conducta \u00e9tica son las piedras angulares de nuestro marco de gobierno. Mantenemos los m\u00e1s altos est\u00e1ndares de gobierno corporativo, garantizando la responsabilidad y la equidad en todos los aspectos de nuestro negocio. Nuestro compromiso con unas pr\u00e1cticas de gobernanza s\u00f3lidas es esencial para generar confianza y mantener relaciones a largo plazo.<\/p>\n\n\n\n<p>En Ask Nestor ESG no es s\u00f3lo una palabra de moda; es un aspecto fundamental de nuestra forma de operar. Nos comprometemos a crear valor no s\u00f3lo para nuestros accionistas, sino tambi\u00e9n para el medio ambiente, la sociedad y las generaciones futuras. Juntos podemos construir un mundo m\u00e1s sostenible e integrador.<\/p>","protected":false},"excerpt":{"rendered":"<p>1. Our Commitment to ESG At Ask Nestor, we are dedicated to making a meaningful impact beyond profits. Our strategy towards Environmental, Social, and Governance (ESG) principles reflects our commitment to sustainable practices and responsible business operations. 2. Environmental Responsibility We understand the critical importance of preserving our planet. Our initiatives focus on reducing our [&hellip;]<\/p>\n","protected":false},"author":1,"featured_media":0,"parent":0,"menu_order":0,"comment_status":"closed","ping_status":"closed","template":"","meta":{"footnotes":""},"class_list":["post-31","page","type-page","status-publish","hentry"],"_links":{"self":[{"href":"https:\/\/asknestor.com\/es\/wp-json\/wp\/v2\/pages\/31","targetHints":{"allow":["GET"]}}],"collection":[{"href":"https:\/\/asknestor.com\/es\/wp-json\/wp\/v2\/pages"}],"about":[{"href":"https:\/\/asknestor.com\/es\/wp-json\/wp\/v2\/types\/page"}],"author":[{"embeddable":true,"href":"https:\/\/asknestor.com\/es\/wp-json\/wp\/v2\/users\/1"}],"replies":[{"embeddable":true,"href":"https:\/\/asknestor.com\/es\/wp-json\/wp\/v2\/comments?post=31"}],"version-history":[{"count":4,"href":"https:\/\/asknestor.com\/es\/wp-json\/wp\/v2\/pages\/31\/revisions"}],"predecessor-version":[{"id":167,"href":"https:\/\/asknestor.com\/es\/wp-json\/wp\/v2\/pages\/31\/revisions\/167"}],"wp:attachment":[{"href":"https:\/\/asknestor.com\/es\/wp-json\/wp\/v2\/media?parent=31"}],"curies":[{"name":"wp","href":"https:\/\/api.w.org\/{rel}","templated":true}]}}