{"id":31,"date":"2023-10-09T13:37:11","date_gmt":"2023-10-09T13:37:11","guid":{"rendered":"https:\/\/asknestor.hungrynuggets.com\/?page_id=31"},"modified":"2023-11-20T11:24:55","modified_gmt":"2023-11-20T11:24:55","slug":"esg","status":"publish","type":"page","link":"https:\/\/asknestor.com\/fr\/esg\/","title":{"rendered":"RSE"},"content":{"rendered":"<h3 class=\"wp-block-heading\">1. Notre engagement en mati\u00e8re d'ESG<\/h3>\n\n\n\n<p>Chez Ask Nestor, nous sommes d\u00e9termin\u00e9s \u00e0 avoir un impact significatif au-del\u00e0 des profits. Notre strat\u00e9gie ax\u00e9e sur les principes environnementaux, sociaux et de gouvernance (ESG) refl\u00e8te notre engagement en faveur de pratiques durables et d'activit\u00e9s commerciales responsables.<\/p>\n\n\n\n<h3 class=\"wp-block-heading\">2. Responsabilit\u00e9 environnementale<\/h3>\n\n\n\n<p>Nous sommes conscients de l'importance cruciale de la pr\u00e9servation de notre plan\u00e8te. Nos initiatives se concentrent sur la r\u00e9duction de notre empreinte carbone, la minimisation des d\u00e9chets et l'adoption de pratiques respectueuses de l'environnement dans l'ensemble de nos activit\u00e9s. En tirant parti de technologies innovantes et de processus durables, nous voulons contribuer \u00e0 un avenir plus propre et plus vert.<\/p>\n\n\n\n<h3 class=\"wp-block-heading\">3. L'impact social<\/h3>\n\n\n\n<p>Nous donnons la priorit\u00e9 au bien-\u00eatre des communaut\u00e9s et des parties prenantes. Gr\u00e2ce \u00e0 des efforts de collaboration, nous soutenons activement des causes sociales, d\u00e9fendons la diversit\u00e9 et l'inclusion, et investissons dans des initiatives qui renforcent l'autonomie des individus et des soci\u00e9t\u00e9s. Notre objectif est de favoriser les changements positifs et de cr\u00e9er un impact social durable partout o\u00f9 nous op\u00e9rons. Ask Nestor a re\u00e7u le label de diversit\u00e9 de la R\u00e9gion de Bruxelles-Capitale.<\/p>\n\n\n\n<h3 class=\"wp-block-heading\">4. Excellence en mati\u00e8re de gouvernance<\/h3>\n\n\n\n<p>La transparence, l'int\u00e9grit\u00e9 et la conduite \u00e9thique sont les pierres angulaires de notre cadre de gouvernance. Nous respectons les normes les plus strictes en mati\u00e8re de gouvernance d'entreprise, garantissant la responsabilit\u00e9 et l'\u00e9quit\u00e9 dans tous les aspects de nos activit\u00e9s. Notre engagement en faveur de pratiques de gouvernance saines fait partie int\u00e9grante de l'instauration de la confiance et du maintien de relations \u00e0 long terme.<\/p>\n\n\n\n<p>Chez Ask Nestor, l'ESG n'est pas un simple mot \u00e0 la mode ; c'est un aspect fondamental de notre mode de fonctionnement. Nous nous engageons \u00e0 cr\u00e9er de la valeur non seulement pour nos actionnaires, mais aussi pour l'environnement, la soci\u00e9t\u00e9 et les g\u00e9n\u00e9rations futures. Ensemble, nous pouvons construire un monde plus durable et plus inclusif.<\/p>","protected":false},"excerpt":{"rendered":"<p>1. Our Commitment to ESG At Ask Nestor, we are dedicated to making a meaningful impact beyond profits. Our strategy towards Environmental, Social, and Governance (ESG) principles reflects our commitment to sustainable practices and responsible business operations. 2. Environmental Responsibility We understand the critical importance of preserving our planet. Our initiatives focus on reducing our [&hellip;]<\/p>\n","protected":false},"author":1,"featured_media":0,"parent":0,"menu_order":0,"comment_status":"closed","ping_status":"closed","template":"","meta":{"footnotes":""},"class_list":["post-31","page","type-page","status-publish","hentry"],"_links":{"self":[{"href":"https:\/\/asknestor.com\/fr\/wp-json\/wp\/v2\/pages\/31","targetHints":{"allow":["GET"]}}],"collection":[{"href":"https:\/\/asknestor.com\/fr\/wp-json\/wp\/v2\/pages"}],"about":[{"href":"https:\/\/asknestor.com\/fr\/wp-json\/wp\/v2\/types\/page"}],"author":[{"embeddable":true,"href":"https:\/\/asknestor.com\/fr\/wp-json\/wp\/v2\/users\/1"}],"replies":[{"embeddable":true,"href":"https:\/\/asknestor.com\/fr\/wp-json\/wp\/v2\/comments?post=31"}],"version-history":[{"count":4,"href":"https:\/\/asknestor.com\/fr\/wp-json\/wp\/v2\/pages\/31\/revisions"}],"predecessor-version":[{"id":167,"href":"https:\/\/asknestor.com\/fr\/wp-json\/wp\/v2\/pages\/31\/revisions\/167"}],"wp:attachment":[{"href":"https:\/\/asknestor.com\/fr\/wp-json\/wp\/v2\/media?parent=31"}],"curies":[{"name":"wp","href":"https:\/\/api.w.org\/{rel}","templated":true}]}}